{"id":104,"date":"2016-02-05T12:36:25","date_gmt":"2016-02-05T12:36:25","guid":{"rendered":"http:\/\/themes.vibethemes.com\/wplms\/skins\/demo2\/?page_id=1929"},"modified":"2016-02-05T12:36:25","modified_gmt":"2016-02-05T12:36:25","slug":"all-events","status":"publish","type":"page","link":"https:\/\/sysalis.org\/fr\/all-events\/","title":{"rendered":"All Events"},"content":{"rendered":"<!-- EventON Calendar --><div id='evcal_calendar_298' class='list_cal ajde_evcal_calendar  box_2 ul ' ><div id='evcal_head' class='calendar_header ' ><div class='evo_cal_above'><span class='evo-gototoday-btn' style='display:none' data-mo='5' data-yr='2026' data-dy=''>Mois en cours<\/span><span class='evo-filter-btn'><\/span><\/div><div class='evo_cal_above_content'><\/div><div class='clear'><\/div><\/div><div class='eventon_sorting_section' style='display:none'><div class='eventon_filter_line '><div class='eventon_filter evo_sortOpt evo_sortList_event_location' data-filter_field='event_location' data-filter_val='all' data-filter_type='tax' data-fl_o='IN'>\n\t\t\t\t\t\t\t\t<p class='filtering_set_val'>Lieu de l&#039;\u00e9v\u00e9nement<\/p>\n\t\t\t\t\t\t\t\t<div class='eventon_filter_dropdown' style='display:none'><p class='select all' data-filter_val='all'>Options de tri de tout le texte<\/p><p class='select event_location_236 sossahel-en ' data-filter_val='236' data-filter_slug='sossahel-en'>SOSSAHEL<\/p><p class='select event_location_141 sossahel ' data-filter_val='141' data-filter_slug='sossahel'>SOSSAHEL<\/p><\/div>\t\n\t\t\t\t\t\t\t<div class='clear'><\/div>\n\t\t\t\t\t\t<\/div><div class='eventon_filter evo_sortOpt evo_sortList_event_organizer' data-filter_field='event_organizer' data-filter_val='all' data-filter_type='tax' data-fl_o='IN'>\n\t\t\t\t\t\t\t\t<p class='filtering_set_val'>Organisateur d&#039;\u00e9v\u00e9nements<\/p>\n\t\t\t\t\t\t\t\t<div class='eventon_filter_dropdown' style='display:none'><p class='select all' data-filter_val='all'>Options de tri de tout le texte<\/p><p class='select event_organizer_237 carlos-hayibor-en ' data-filter_val='237' data-filter_slug='carlos-hayibor-en'>Carlos Hayibor<\/p><p class='select event_organizer_142 carlos-hayibor ' data-filter_val='142' data-filter_slug='carlos-hayibor'>Carlos Hayibor<\/p><p class='select event_organizer_220 sossahel ' data-filter_val='220' data-filter_slug='sossahel'>SOSSAHEL<\/p><p class='select event_organizer_238 sossahel-en ' data-filter_val='238' data-filter_slug='sossahel-en'>SOSSAHEL<\/p><\/div>\t\n\t\t\t\t\t\t\t<div class='clear'><\/div>\n\t\t\t\t\t\t<\/div><div class='eventon_filter evo_hideshow_pastfuture' data-filter_field='event_past_future' \n\t\t\t\t\t\t\t\tdata-filter_val='future' data-filter_type='custom' >\t\t\t\t\t\t\t\t\n\t\t\t\t\t\t\t\t<div class='eventon_filter_selection'>\n\t\t\t\t\t\t\t\t\t<p class='filtering_set_val' data-opts='evs4_in'>\u00c9v\u00e9nements pass\u00e9s et futurs<\/p>\n\t\t\t\t\t\t\t\t\t<div class='eventon_filter_dropdown evo_hideshow select_one' style='display:none'><p class='all' data-filter_val='all'>Options de tri de tout le texte<\/p><p class='past ' data-filter_val='past'>Seulement les \u00e9v\u00e9nements pass\u00e9s<\/p><p class='future select' data-filter_val='future'>Uniquement les \u00e9v\u00e9nements futurs<\/p><\/div>\n\t\t\t\t\t\t\t\t<\/div><div class='clear'><\/div>\n\t\t\t\t\t\t\t<\/div><\/div><div class='clear'><\/div><\/div><div id='eventon_loadbar_section'><div id='eventon_loadbar'><\/div><\/div><!-- Events List --><div id='evcal_list' class='eventon_events_list sep_months evcal_list_month'><div class='evcal_month_line' data-d='eml_5_2026'><p>Mai<\/p><\/div><div class='sep_month_events no_event' data-d='eml_5_2026'><div class='eventon_list_event no_events'><p class='no_events' >Aucun \u00e9v\u00e8nement n&#039;a \u00e9t\u00e9 planifi\u00e9 <\/p><\/div><\/div><div class='evcal_month_line' data-d='eml_6_2026'><p>Juin<\/p><\/div><div class='sep_month_events no_event' data-d='eml_6_2026'><div class='eventon_list_event no_events'><p class='no_events' >Aucun \u00e9v\u00e8nement n&#039;a \u00e9t\u00e9 planifi\u00e9 <\/p><\/div><\/div><div class='evcal_month_line' data-d='eml_7_2026'><p>Juillet<\/p><\/div><div class='sep_month_events no_event' data-d='eml_7_2026'><div class='eventon_list_event no_events'><p class='no_events' >Aucun \u00e9v\u00e8nement n&#039;a \u00e9t\u00e9 planifi\u00e9 <\/p><\/div><\/div><div class='evcal_month_line' data-d='eml_8_2026'><p>Ao\u00fbt<\/p><\/div><div class='sep_month_events no_event' data-d='eml_8_2026'><div class='eventon_list_event no_events'><p class='no_events' >Aucun \u00e9v\u00e8nement n&#039;a \u00e9t\u00e9 planifi\u00e9 <\/p><\/div><\/div><div class='evcal_month_line' data-d='eml_9_2026'><p>Septembre<\/p><\/div><div class='sep_month_events no_event' data-d='eml_9_2026'><div class='eventon_list_event no_events'><p class='no_events' >Aucun \u00e9v\u00e8nement n&#039;a \u00e9t\u00e9 planifi\u00e9 <\/p><\/div><\/div><div class='evcal_month_line' data-d='eml_10_2026'><p>Octobre<\/p><\/div><div class='sep_month_events no_event' data-d='eml_10_2026'><div class='eventon_list_event no_events'><p class='no_events' >Aucun \u00e9v\u00e8nement n&#039;a \u00e9t\u00e9 planifi\u00e9 <\/p><\/div><\/div><div class='evcal_month_line' data-d='eml_11_2026'><p>Novembre<\/p><\/div><div class='sep_month_events no_event' data-d='eml_11_2026'><div class='eventon_list_event no_events'><p class='no_events' >Aucun \u00e9v\u00e8nement n&#039;a \u00e9t\u00e9 planifi\u00e9 <\/p><\/div><\/div><div class='evcal_month_line' data-d='eml_12_2026'><p>D\u00e9cembre<\/p><\/div><div class='sep_month_events no_event' data-d='eml_12_2026'><div class='eventon_list_event no_events'><p class='no_events' >Aucun \u00e9v\u00e8nement n&#039;a \u00e9t\u00e9 planifi\u00e9 <\/p><\/div><\/div><div class='evcal_month_line' data-d='eml_1_2027'><p>Janvier<\/p><\/div><div class='sep_month_events no_event' data-d='eml_1_2027'><div class='eventon_list_event no_events'><p class='no_events' >Aucun \u00e9v\u00e8nement n&#039;a \u00e9t\u00e9 planifi\u00e9 <\/p><\/div><\/div><div class='evcal_month_line' data-d='eml_2_2027'><p>F\u00e9vrier<\/p><\/div><div class='sep_month_events no_event' data-d='eml_2_2027'><div class='eventon_list_event no_events'><p class='no_events' >Aucun \u00e9v\u00e8nement n&#039;a \u00e9t\u00e9 planifi\u00e9 <\/p><\/div><\/div><div class='evcal_month_line' data-d='eml_3_2027'><p>Mars<\/p><\/div><div class='sep_month_events no_event' data-d='eml_3_2027'><div class='eventon_list_event no_events'><p class='no_events' >Aucun \u00e9v\u00e8nement n&#039;a \u00e9t\u00e9 planifi\u00e9 <\/p><\/div><\/div><div class='evcal_month_line' data-d='eml_4_2027'><p>Avril<\/p><\/div><div class='sep_month_events no_event' data-d='eml_4_2027'><div class='eventon_list_event no_events'><p class='no_events' >Aucun \u00e9v\u00e8nement n&#039;a \u00e9t\u00e9 planifi\u00e9 <\/p><\/div><\/div>\t\t\t<div class='clear'><\/div>\r\n\t\t\t<\/div>\r\n\t\t\t<div class='clear'><\/div>\r\n\t\t\t\t\t \t<div id='evcal_footer' class='evo_bottom' style='display:none'>\r\n\t\t \t\t<div class='evo_cal_data'  data-sc='{\"accord\":\"no\",\"bottom_nav\":\"no\",\"cal_id\":\"\",\"cal_init_nonajax\":\"no\",\"calendar_type\":\"list\",\"etc_override\":\"no\",\"evc_open\":\"no\",\"event_count\":0,\"event_location\":\"all\",\"event_order\":\"ASC\",\"event_organizer\":\"all\",\"event_past_future\":\"future\",\"event_tag\":\"all\",\"event_type\":\"all\",\"event_type_2\":\"all\",\"event_type_3\":\"all\",\"event_type_4\":\"all\",\"event_type_5\":\"all\",\"eventtop_style\":0,\"exp_jumper\":\"no\",\"exp_so\":\"no\",\"filter_relationship\":\"AND\",\"filter_show_set_only\":\"no\",\"filter_type\":\"default\",\"filters\":\"yes\",\"fixed_month\":\"5\",\"fixed_year\":\"2026\",\"focus_end_date_range\":\"1809129599\",\"focus_start_date_range\":\"1777593600\",\"ft_event_priority\":\"no\",\"hide_arrows\":\"no\",\"hide_empty_months\":\"no\",\"hide_end_time\":\"no\",\"hide_ft\":\"no\",\"hide_month_headers\":\"no\",\"hide_mult_occur\":\"no\",\"hide_past\":\"yes\",\"hide_past_by\":\"ee\",\"hide_so\":\"no\",\"ics\":\"no\",\"jumper\":\"no\",\"jumper_count\":5,\"jumper_offset\":\"0\",\"lang\":\"L1\",\"layout_changer\":\"no\",\"livenow_bar\":\"yes\",\"mapformat\":\"roadmap\",\"mapiconurl\":\"\",\"maps_load\":\"yes\",\"mapscroll\":\"true\",\"mapzoom\":\"18\",\"members_only\":\"no\",\"ml_priority\":\"no\",\"month_incre\":0,\"number_of_months\":\"12\",\"only_ft\":\"no\",\"pec\":\"\",\"s\":\"\",\"search\":\"\",\"search_all\":\"no\",\"sep_month\":\"yes\",\"show_et_ft_img\":\"no\",\"show_limit\":\"yes\",\"show_limit_ajax\":\"no\",\"show_limit_paged\":1,\"show_limit_redir\":\"\",\"show_repeats\":\"no\",\"show_upcoming\":0,\"show_year\":\"no\",\"sort_by\":\"sort_date\",\"tile_bg\":0,\"tile_bg_size\":\"full\",\"tile_count\":2,\"tile_height\":0,\"tile_style\":0,\"tiles\":\"no\",\"ux_val\":\"0\",\"view_switcher\":\"no\",\"wpml_l1\":\"\",\"wpml_l2\":\"\",\"wpml_l3\":\"\",\"yl_priority\":\"no\",\"fixed_day\":\"4\",\"_cver\":\"3.1.6\"}' data-od='{\"lang_no_events\":\"Aucun \\u00e9v\\u00e8nement n&#039;a \\u00e9t\\u00e9 planifi\\u00e9 \"}'><\/div>\r\n\t\t \t\t<div class='evo_cal_events' data-events=\"\"><\/div>\r\n\t\t \t<\/div>\r\n\t\t\t\t\r\n\t\t\t\r\n\t\t\t\t\t\t<\/div><!-- EventON End -->\r\n\t\t\t\n","protected":false},"excerpt":{"rendered":"","protected":false},"author":1,"featured_media":0,"parent":0,"menu_order":0,"comment_status":"closed","ping_status":"closed","template":"","meta":{"_bbp_topic_count":0,"_bbp_reply_count":0,"_bbp_total_topic_count":0,"_bbp_total_reply_count":0,"_bbp_voice_count":0,"_bbp_anonymous_reply_count":0,"_bbp_topic_count_hidden":0,"_bbp_reply_count_hidden":0,"_bbp_forum_subforum_count":0,"pmpro_default_level":"","_vibebp_attr":"","_vibebp_dimensions":"","_vibebp_responsive_height":"","_vibebp_accordion_ie_support":"","cybocfi_hide_featured_image":"","footnotes":""},"coauthors":[],"class_list":["post-104","page","type-page","status-publish","hentry","pmpro-has-access"],"_links":{"self":[{"href":"https:\/\/sysalis.org\/fr\/wp-json\/wp\/v2\/pages\/104","targetHints":{"allow":["GET"]}}],"collection":[{"href":"https:\/\/sysalis.org\/fr\/wp-json\/wp\/v2\/pages"}],"about":[{"href":"https:\/\/sysalis.org\/fr\/wp-json\/wp\/v2\/types\/page"}],"author":[{"embeddable":true,"href":"https:\/\/sysalis.org\/fr\/wp-json\/wp\/v2\/users\/1"}],"replies":[{"embeddable":true,"href":"https:\/\/sysalis.org\/fr\/wp-json\/wp\/v2\/comments?post=104"}],"version-history":[{"count":0,"href":"https:\/\/sysalis.org\/fr\/wp-json\/wp\/v2\/pages\/104\/revisions"}],"wp:attachment":[{"href":"https:\/\/sysalis.org\/fr\/wp-json\/wp\/v2\/media?parent=104"}],"wp:term":[{"taxonomy":"author","embeddable":true,"href":"https:\/\/sysalis.org\/fr\/wp-json\/wp\/v2\/coauthors?post=104"}],"curies":[{"name":"wp","href":"https:\/\/api.w.org\/{rel}","templated":true}]}}